{"id":65056,"date":"2023-01-31T06:24:47","date_gmt":"2023-01-31T06:24:47","guid":{"rendered":"https:\/\/sinoplast.pl\/?page_id=65056"},"modified":"2025-07-22T19:56:37","modified_gmt":"2025-07-22T17:56:37","slug":"double-wall-corrugated-pipe-extrusion-line","status":"publish","type":"page","link":"https:\/\/sinoplast.pl\/en\/double-wall-corrugated-pipe-extrusion-line\/","title":{"rendered":"Double Wall Corrugated Pipe Extrusion Line"},"content":{"rendered":"<div data-elementor-type=\"wp-page\" data-elementor-id=\"65056\" class=\"elementor elementor-65056\">\n\t\t\t\t\t\t<section class=\"elementor-section elementor-top-section elementor-element elementor-element-5d4f8a52 elementor-section-boxed elementor-section-height-default elementor-section-height-default\" data-id=\"5d4f8a52\" data-element_type=\"section\">\n\t\t\t\t\t\t<div class=\"elementor-container elementor-column-gap-default\">\n\t\t\t\t\t<div class=\"elementor-column elementor-col-100 elementor-top-column elementor-element elementor-element-1af74437\" data-id=\"1af74437\" data-element_type=\"column\">\n\t\t\t<div class=\"elementor-widget-wrap elementor-element-populated\">\n\t\t\t\t\t\t<div class=\"elementor-element elementor-element-a1cb909 elementor-widget elementor-widget-image\" data-id=\"a1cb909\" data-element_type=\"widget\" data-widget_type=\"image.default\">\n\t\t\t\t<div class=\"elementor-widget-container\">\n\t\t\t\t\t\t\t\t\t\t\t\t\t<img fetchpriority=\"high\" decoding=\"async\" width=\"640\" height=\"394\" src=\"https:\/\/sinoplast.pl\/wp-content\/uploads\/2025\/07\/double-wall.png\" class=\"attachment-large size-large wp-image-66594\" alt=\"\" srcset=\"https:\/\/sinoplast.pl\/wp-content\/uploads\/2025\/07\/double-wall.png 889w, https:\/\/sinoplast.pl\/wp-content\/uploads\/2025\/07\/double-wall-300x185.png 300w, https:\/\/sinoplast.pl\/wp-content\/uploads\/2025\/07\/double-wall-768x473.png 768w, https:\/\/sinoplast.pl\/wp-content\/uploads\/2025\/07\/double-wall-18x12.png 18w\" sizes=\"(max-width: 640px) 100vw, 640px\" \/>\t\t\t\t\t\t\t\t\t\t\t\t\t<\/div>\n\t\t\t\t<\/div>\n\t\t\t\t\t<\/div>\n\t\t<\/div>\n\t\t\t\t\t<\/div>\n\t\t<\/section>\n\t\t\t\t<section class=\"elementor-section elementor-top-section elementor-element elementor-element-c080abd elementor-section-boxed elementor-section-height-default elementor-section-height-default\" data-id=\"c080abd\" data-element_type=\"section\">\n\t\t\t\t\t\t<div class=\"elementor-container elementor-column-gap-default\">\n\t\t\t\t\t<div class=\"elementor-column elementor-col-100 elementor-top-column elementor-element elementor-element-1201391\" data-id=\"1201391\" data-element_type=\"column\">\n\t\t\t<div class=\"elementor-widget-wrap elementor-element-populated\">\n\t\t\t\t\t\t<div class=\"elementor-element elementor-element-882e4b7 elementor-widget elementor-widget-text-editor\" data-id=\"882e4b7\" data-element_type=\"widget\" data-widget_type=\"text-editor.default\">\n\t\t\t\t<div class=\"elementor-widget-container\">\n\t\t\t\t\t\t\t<p style=\"margin-bottom: 0px; list-style-type: none; border-width: 0px; border-style: initial; transition-duration: 0.3s; font-family: 'Microsoft YaHei'; color: #888888; font-size: 14px;\">PP\/PE\/PVC Double Wall Corrugated Pipe Machine<\/p><p style=\"list-style-type: none; border-width: 0px; border-style: initial; transition-duration: 0.3s; font-family: 'Microsoft YaHei'; color: #888888; font-size: 14px;\">Process as follow :Raw materials\u2192Automatic loader \u2192Electrical control system\u2192Single screw extruder\u2192Die head and mould blocks \u2192Forming machine\u2192Cutting machine\u2192Stacke\/Coiler<\/p>\t\t\t\t\t\t<\/div>\n\t\t\t\t<\/div>\n\t\t\t\t\t<\/div>\n\t\t<\/div>\n\t\t\t\t\t<\/div>\n\t\t<\/section>\n\t\t\t\t<section class=\"elementor-section elementor-top-section elementor-element elementor-element-b41a6fd elementor-section-boxed elementor-section-height-default elementor-section-height-default\" data-id=\"b41a6fd\" data-element_type=\"section\">\n\t\t\t\t\t\t<div class=\"elementor-container elementor-column-gap-default\">\n\t\t\t\t\t<div class=\"elementor-column elementor-col-100 elementor-top-column elementor-element elementor-element-52e1ab5\" data-id=\"52e1ab5\" data-element_type=\"column\">\n\t\t\t<div class=\"elementor-widget-wrap elementor-element-populated\">\n\t\t\t\t\t\t<div class=\"elementor-element elementor-element-92776b7 elementor-widget elementor-widget-text-editor\" data-id=\"92776b7\" data-element_type=\"widget\" data-widget_type=\"text-editor.default\">\n\t\t\t\t<div class=\"elementor-widget-container\">\n\t\t\t\t\t\t\t<table><tbody><tr><td>Composition of the production line<\/td><td>OD50-110mm<\/td><td>OD120-200mm<\/td><\/tr><tr><td>Main extruder<\/td><td>SJ65\/30 and SJ65\/30<\/td><td>SJ90\/30and SJ65\/30<\/td><\/tr><tr><td>Main motor power(kw)<\/td><td>37\/37<\/td><td>55\/37<\/td><\/tr><tr><td>Machine die head\/mould block<\/td><td>72pairs\/set<\/td><td>72pairs\/set<\/td><\/tr><tr><td>Pipe stacking shelf<\/td><td>D\u0142ugo\u015b\u0107 6000mm<\/td><td>D\u0142ugo\u015b\u0107 6000mm<\/td><\/tr><\/tbody><\/table><p><!-- DivTable.com --><\/p>\t\t\t\t\t\t<\/div>\n\t\t\t\t<\/div>\n\t\t\t\t\t<\/div>\n\t\t<\/div>\n\t\t\t\t\t<\/div>\n\t\t<\/section>\n\t\t<div class=\"elementor-element elementor-element-9422c7a e-flex e-con-boxed e-con e-parent\" data-id=\"9422c7a\" data-element_type=\"container\">\n\t\t\t\t\t<div class=\"e-con-inner\">\n\t\t\t\t<div class=\"elementor-element elementor-element-093bae1 elementor-widget elementor-widget-image\" data-id=\"093bae1\" data-element_type=\"widget\" data-widget_type=\"image.default\">\n\t\t\t\t<div class=\"elementor-widget-container\">\n\t\t\t\t\t\t\t\t\t\t\t\t\t<img decoding=\"async\" width=\"450\" height=\"338\" src=\"https:\/\/sinoplast.pl\/wp-content\/uploads\/2024\/12\/16607263094806043.jpg\" class=\"attachment-large size-large wp-image-66280\" alt=\"\" srcset=\"https:\/\/sinoplast.pl\/wp-content\/uploads\/2024\/12\/16607263094806043.jpg 450w, https:\/\/sinoplast.pl\/wp-content\/uploads\/2024\/12\/16607263094806043-300x225.jpg 300w\" sizes=\"(max-width: 450px) 100vw, 450px\" \/>\t\t\t\t\t\t\t\t\t\t\t\t\t<\/div>\n\t\t\t\t<\/div>\n\t\t\t\t\t<\/div>\n\t\t\t\t<\/div>\n\t\t\t\t<\/div>","protected":false},"excerpt":{"rendered":"<p>PP\/PE\/PVC Double Wall Corrugated Pipe Machine Process as follow :Raw materials\u2192Automatic loader \u2192Electrical control system\u2192Single screw extruder\u2192Die head and mould <span>&#8230;<\/span><\/p>","protected":false},"author":1,"featured_media":0,"parent":0,"menu_order":0,"comment_status":"closed","ping_status":"closed","template":"","meta":{"footnotes":""},"class_list":["post-65056","page","type-page","status-publish","hentry"],"yoast_head":"<!-- This site is optimized with the Yoast SEO plugin v25.1 - https:\/\/yoast.com\/wordpress\/plugins\/seo\/ -->\n<title>Double Wall Corrugated Pipe Extrusion Line - SINOPLAST<\/title>\n<meta name=\"robots\" content=\"index, follow, max-snippet:-1, max-image-preview:large, max-video-preview:-1\" \/>\n<link rel=\"canonical\" href=\"https:\/\/sinoplast.pl\/en\/double-wall-corrugated-pipe-extrusion-line\/\" \/>\n<meta property=\"og:locale\" content=\"en_GB\" \/>\n<meta property=\"og:type\" content=\"article\" \/>\n<meta property=\"og:title\" content=\"Double Wall Corrugated Pipe Extrusion Line - SINOPLAST\" \/>\n<meta property=\"og:description\" content=\"PP\/PE\/PVC Double Wall Corrugated Pipe Machine Process as follow :Raw materials\u2192Automatic loader \u2192Electrical control system\u2192Single screw extruder\u2192Die head and mould ...\" \/>\n<meta property=\"og:url\" content=\"https:\/\/sinoplast.pl\/en\/double-wall-corrugated-pipe-extrusion-line\/\" \/>\n<meta property=\"og:site_name\" content=\"SINOPLAST\" \/>\n<meta property=\"article:modified_time\" content=\"2025-07-22T17:56:37+00:00\" \/>\n<meta property=\"og:image\" content=\"https:\/\/sinoplast.pl\/wp-content\/uploads\/2025\/07\/double-wall.png\" \/>\n\t<meta property=\"og:image:width\" content=\"889\" \/>\n\t<meta property=\"og:image:height\" content=\"547\" \/>\n\t<meta property=\"og:image:type\" content=\"image\/png\" \/>\n<meta name=\"twitter:card\" content=\"summary_large_image\" \/>\n<meta name=\"twitter:label1\" content=\"Estimated reading time\" \/>\n\t<meta name=\"twitter:data1\" content=\"1 minute\" \/>\n<script type=\"application\/ld+json\" class=\"yoast-schema-graph\">{\"@context\":\"https:\/\/schema.org\",\"@graph\":[{\"@type\":\"WebPage\",\"@id\":\"https:\/\/sinoplast.pl\/en\/double-wall-corrugated-pipe-extrusion-line\/\",\"url\":\"https:\/\/sinoplast.pl\/en\/double-wall-corrugated-pipe-extrusion-line\/\",\"name\":\"Double Wall Corrugated Pipe Extrusion Line - SINOPLAST\",\"isPartOf\":{\"@id\":\"https:\/\/sinoplast.pl\/en\/#website\"},\"primaryImageOfPage\":{\"@id\":\"https:\/\/sinoplast.pl\/en\/double-wall-corrugated-pipe-extrusion-line\/#primaryimage\"},\"image\":{\"@id\":\"https:\/\/sinoplast.pl\/en\/double-wall-corrugated-pipe-extrusion-line\/#primaryimage\"},\"thumbnailUrl\":\"https:\/\/sinoplast.pl\/wp-content\/uploads\/2025\/07\/double-wall.png\",\"datePublished\":\"2023-01-31T06:24:47+00:00\",\"dateModified\":\"2025-07-22T17:56:37+00:00\",\"breadcrumb\":{\"@id\":\"https:\/\/sinoplast.pl\/en\/double-wall-corrugated-pipe-extrusion-line\/#breadcrumb\"},\"inLanguage\":\"en-GB\",\"potentialAction\":[{\"@type\":\"ReadAction\",\"target\":[\"https:\/\/sinoplast.pl\/en\/double-wall-corrugated-pipe-extrusion-line\/\"]}]},{\"@type\":\"ImageObject\",\"inLanguage\":\"en-GB\",\"@id\":\"https:\/\/sinoplast.pl\/en\/double-wall-corrugated-pipe-extrusion-line\/#primaryimage\",\"url\":\"https:\/\/sinoplast.pl\/wp-content\/uploads\/2025\/07\/double-wall.png\",\"contentUrl\":\"https:\/\/sinoplast.pl\/wp-content\/uploads\/2025\/07\/double-wall.png\"},{\"@type\":\"BreadcrumbList\",\"@id\":\"https:\/\/sinoplast.pl\/en\/double-wall-corrugated-pipe-extrusion-line\/#breadcrumb\",\"itemListElement\":[{\"@type\":\"ListItem\",\"position\":1,\"name\":\"Strona g\u0142\u00f3wna\",\"item\":\"https:\/\/sinoplast.pl\/en\/\"},{\"@type\":\"ListItem\",\"position\":2,\"name\":\"Double Wall Corrugated Pipe Extrusion Line\"}]},{\"@type\":\"WebSite\",\"@id\":\"https:\/\/sinoplast.pl\/en\/#website\",\"url\":\"https:\/\/sinoplast.pl\/en\/\",\"name\":\"SINOPLAST\",\"description\":\"\",\"publisher\":{\"@id\":\"https:\/\/sinoplast.pl\/en\/#organization\"},\"potentialAction\":[{\"@type\":\"SearchAction\",\"target\":{\"@type\":\"EntryPoint\",\"urlTemplate\":\"https:\/\/sinoplast.pl\/en\/?s={search_term_string}\"},\"query-input\":{\"@type\":\"PropertyValueSpecification\",\"valueRequired\":true,\"valueName\":\"search_term_string\"}}],\"inLanguage\":\"en-GB\"},{\"@type\":\"Organization\",\"@id\":\"https:\/\/sinoplast.pl\/en\/#organization\",\"name\":\"SINOPLAST\",\"url\":\"https:\/\/sinoplast.pl\/en\/\",\"logo\":{\"@type\":\"ImageObject\",\"inLanguage\":\"en-GB\",\"@id\":\"https:\/\/sinoplast.pl\/en\/#\/schema\/logo\/image\/\",\"url\":\"https:\/\/sinoplast.pl\/wp-content\/uploads\/2024\/11\/logo2-1.svg\",\"contentUrl\":\"https:\/\/sinoplast.pl\/wp-content\/uploads\/2024\/11\/logo2-1.svg\",\"width\":85,\"height\":24,\"caption\":\"SINOPLAST\"},\"image\":{\"@id\":\"https:\/\/sinoplast.pl\/en\/#\/schema\/logo\/image\/\"}}]}<\/script>\n<!-- \/ Yoast SEO plugin. -->","yoast_head_json":{"title":"Double Wall Corrugated Pipe Extrusion Line - SINOPLAST","robots":{"index":"index","follow":"follow","max-snippet":"max-snippet:-1","max-image-preview":"max-image-preview:large","max-video-preview":"max-video-preview:-1"},"canonical":"https:\/\/sinoplast.pl\/en\/double-wall-corrugated-pipe-extrusion-line\/","og_locale":"en_GB","og_type":"article","og_title":"Double Wall Corrugated Pipe Extrusion Line - SINOPLAST","og_description":"PP\/PE\/PVC Double Wall Corrugated Pipe Machine Process as follow :Raw materials\u2192Automatic loader \u2192Electrical control system\u2192Single screw extruder\u2192Die head and mould ...","og_url":"https:\/\/sinoplast.pl\/en\/double-wall-corrugated-pipe-extrusion-line\/","og_site_name":"SINOPLAST","article_modified_time":"2025-07-22T17:56:37+00:00","og_image":[{"width":889,"height":547,"url":"https:\/\/sinoplast.pl\/wp-content\/uploads\/2025\/07\/double-wall.png","type":"image\/png"}],"twitter_card":"summary_large_image","twitter_misc":{"Estimated reading time":"1 minute"},"schema":{"@context":"https:\/\/schema.org","@graph":[{"@type":"WebPage","@id":"https:\/\/sinoplast.pl\/en\/double-wall-corrugated-pipe-extrusion-line\/","url":"https:\/\/sinoplast.pl\/en\/double-wall-corrugated-pipe-extrusion-line\/","name":"Double Wall Corrugated Pipe Extrusion Line - SINOPLAST","isPartOf":{"@id":"https:\/\/sinoplast.pl\/en\/#website"},"primaryImageOfPage":{"@id":"https:\/\/sinoplast.pl\/en\/double-wall-corrugated-pipe-extrusion-line\/#primaryimage"},"image":{"@id":"https:\/\/sinoplast.pl\/en\/double-wall-corrugated-pipe-extrusion-line\/#primaryimage"},"thumbnailUrl":"https:\/\/sinoplast.pl\/wp-content\/uploads\/2025\/07\/double-wall.png","datePublished":"2023-01-31T06:24:47+00:00","dateModified":"2025-07-22T17:56:37+00:00","breadcrumb":{"@id":"https:\/\/sinoplast.pl\/en\/double-wall-corrugated-pipe-extrusion-line\/#breadcrumb"},"inLanguage":"en-GB","potentialAction":[{"@type":"ReadAction","target":["https:\/\/sinoplast.pl\/en\/double-wall-corrugated-pipe-extrusion-line\/"]}]},{"@type":"ImageObject","inLanguage":"en-GB","@id":"https:\/\/sinoplast.pl\/en\/double-wall-corrugated-pipe-extrusion-line\/#primaryimage","url":"https:\/\/sinoplast.pl\/wp-content\/uploads\/2025\/07\/double-wall.png","contentUrl":"https:\/\/sinoplast.pl\/wp-content\/uploads\/2025\/07\/double-wall.png"},{"@type":"BreadcrumbList","@id":"https:\/\/sinoplast.pl\/en\/double-wall-corrugated-pipe-extrusion-line\/#breadcrumb","itemListElement":[{"@type":"ListItem","position":1,"name":"Strona g\u0142\u00f3wna","item":"https:\/\/sinoplast.pl\/en\/"},{"@type":"ListItem","position":2,"name":"Double Wall Corrugated Pipe Extrusion Line"}]},{"@type":"WebSite","@id":"https:\/\/sinoplast.pl\/en\/#website","url":"https:\/\/sinoplast.pl\/en\/","name":"SINOPLAST","description":"","publisher":{"@id":"https:\/\/sinoplast.pl\/en\/#organization"},"potentialAction":[{"@type":"SearchAction","target":{"@type":"EntryPoint","urlTemplate":"https:\/\/sinoplast.pl\/en\/?s={search_term_string}"},"query-input":{"@type":"PropertyValueSpecification","valueRequired":true,"valueName":"search_term_string"}}],"inLanguage":"en-GB"},{"@type":"Organization","@id":"https:\/\/sinoplast.pl\/en\/#organization","name":"SINOPLAST","url":"https:\/\/sinoplast.pl\/en\/","logo":{"@type":"ImageObject","inLanguage":"en-GB","@id":"https:\/\/sinoplast.pl\/en\/#\/schema\/logo\/image\/","url":"https:\/\/sinoplast.pl\/wp-content\/uploads\/2024\/11\/logo2-1.svg","contentUrl":"https:\/\/sinoplast.pl\/wp-content\/uploads\/2024\/11\/logo2-1.svg","width":85,"height":24,"caption":"SINOPLAST"},"image":{"@id":"https:\/\/sinoplast.pl\/en\/#\/schema\/logo\/image\/"}}]}},"_links":{"self":[{"href":"https:\/\/sinoplast.pl\/en\/wp-json\/wp\/v2\/pages\/65056","targetHints":{"allow":["GET"]}}],"collection":[{"href":"https:\/\/sinoplast.pl\/en\/wp-json\/wp\/v2\/pages"}],"about":[{"href":"https:\/\/sinoplast.pl\/en\/wp-json\/wp\/v2\/types\/page"}],"author":[{"embeddable":true,"href":"https:\/\/sinoplast.pl\/en\/wp-json\/wp\/v2\/users\/1"}],"replies":[{"embeddable":true,"href":"https:\/\/sinoplast.pl\/en\/wp-json\/wp\/v2\/comments?post=65056"}],"version-history":[{"count":8,"href":"https:\/\/sinoplast.pl\/en\/wp-json\/wp\/v2\/pages\/65056\/revisions"}],"predecessor-version":[{"id":66605,"href":"https:\/\/sinoplast.pl\/en\/wp-json\/wp\/v2\/pages\/65056\/revisions\/66605"}],"wp:attachment":[{"href":"https:\/\/sinoplast.pl\/en\/wp-json\/wp\/v2\/media?parent=65056"}],"curies":[{"name":"wp","href":"https:\/\/api.w.org\/{rel}","templated":true}]}}